
{"id":15213,"date":"2017-05-10T18:35:29","date_gmt":"2017-05-10T16:35:29","guid":{"rendered":"https:\/\/www.brickrknowledge.de\/?page_id=15213\/"},"modified":"2017-07-27T13:59:34","modified_gmt":"2017-07-27T11:59:34","slug":"universidad","status":"publish","type":"page","link":"https:\/\/brickrknowledge.com\/es\/educacion\/universidad\/","title":{"rendered":"Universidad"},"content":{"rendered":"<p><a href=\"https:\/\/www.brickrknowledge.de\/content\/uploads\/2017\/02\/Banner_Universitaet.jpg\"><img loading=\"lazy\" decoding=\"async\" class=\"alignnone wp-image-14342 size-large\" src=\"https:\/\/www.brickrknowledge.de\/content\/uploads\/2017\/02\/Banner_Universitaet-1024x281.jpg\" alt=\"Banner_Universitaet\" width=\"1024\" height=\"281\" srcset=\"https:\/\/brickrknowledge.com\/content\/uploads\/2017\/02\/Banner_Universitaet-1024x281.jpg 1024w, https:\/\/brickrknowledge.com\/content\/uploads\/2017\/02\/Banner_Universitaet-300x82.jpg 300w, https:\/\/brickrknowledge.com\/content\/uploads\/2017\/02\/Banner_Universitaet-768x211.jpg 768w, https:\/\/brickrknowledge.com\/content\/uploads\/2017\/02\/Banner_Universitaet-600x165.jpg 600w, https:\/\/brickrknowledge.com\/content\/uploads\/2017\/02\/Banner_Universitaet-670x184.jpg 670w, https:\/\/brickrknowledge.com\/content\/uploads\/2017\/02\/Banner_Universitaet-470x129.jpg 470w, https:\/\/brickrknowledge.com\/content\/uploads\/2017\/02\/Banner_Universitaet.jpg 1820w\" sizes=\"(max-width: 1024px) 100vw, 1024px\" \/><\/a><\/p>\n<p><strong>Temas Brick\u2019R\u2019knowledge para\u00a0universidades<\/strong><\/p>\n<p>Los Sets de Brick\u2019R\u2019knowledge tambi\u00e9n se utilizan en las universidades.<\/p>\n<p>As\u00ed por ejemplo el Advanced Set y el Set L\u00f3gico se utilizan en la universidad en las \u00e1reas de ingenier\u00eda electr\u00f3nica e inform\u00e1tica, para mostrarles a los estudiantes el conocimiento de manera gr\u00e1fica.<\/p>\n<p><strong>Sets recomendados<\/strong><\/p>\n<table width=\"511\">\n<tbody>\n<tr>\n<td width=\"198\"><a href=\"https:\/\/brickrknowledge.com\/sets\/experiments\/solar-set\/\">Set Solar<\/a><a href=\"https:\/\/www.brickrknowledge.de\/content\/uploads\/2017\/02\/solar_set_verpackung.jpg\"><img loading=\"lazy\" decoding=\"async\" class=\"alignnone wp-image-14310\" src=\"https:\/\/www.brickrknowledge.de\/content\/uploads\/2017\/02\/solar_set_verpackung-300x183.jpg\" alt=\"solar_set_verpackung\" width=\"151\" height=\"92\" srcset=\"https:\/\/brickrknowledge.com\/content\/uploads\/2017\/02\/solar_set_verpackung-300x183.jpg 300w, https:\/\/brickrknowledge.com\/content\/uploads\/2017\/02\/solar_set_verpackung-768x469.jpg 768w, https:\/\/brickrknowledge.com\/content\/uploads\/2017\/02\/solar_set_verpackung-600x366.jpg 600w, https:\/\/brickrknowledge.com\/content\/uploads\/2017\/02\/solar_set_verpackung-825x510.jpg 825w, https:\/\/brickrknowledge.com\/content\/uploads\/2017\/02\/solar_set_verpackung-524x320.jpg 524w, https:\/\/brickrknowledge.com\/content\/uploads\/2017\/02\/solar_set_verpackung-470x287.jpg 470w, https:\/\/brickrknowledge.com\/content\/uploads\/2017\/02\/solar_set_verpackung.jpg 943w\" sizes=\"(max-width: 151px) 100vw, 151px\" \/><\/a><\/td>\n<td style=\"text-align: justify;\" width=\"313\">El Set Solar de Brick\u2019R\u2019knowledge garantiza diversi\u00f3n total para toda la familia y acerca a los ni\u00f1os de manera l\u00fadica a las energ\u00edas renovables. \u00bfC\u00f3mo funciona una c\u00e9lula solar? \u00bfC\u00f3mo acumula energ\u00eda una bater\u00eda? \u00bfC\u00f3mo se construye una luz nocturna con sensor de movimiento? A estas y muchas m\u00e1s preguntas el Set Solar tendr\u00e1 las repuestas correspondientes. Con este Set Usted y sus hijos pasar\u00e1n a ser miembros oficiales de la generaci\u00f3n Maker.<\/td>\n<\/tr>\n<tr>\n<td><a href=\"https:\/\/brickrknowledge.com\/sets\/experiments\/advanced-set\/\">Set Advanced<\/a><a href=\"https:\/\/www.brickrknowledge.de\/content\/uploads\/2017\/02\/advanced_set_verpackung.jpg\"><img loading=\"lazy\" decoding=\"async\" class=\"alignnone wp-image-14316\" src=\"https:\/\/www.brickrknowledge.de\/content\/uploads\/2017\/02\/advanced_set_verpackung-300x195.jpg\" alt=\"advanced_set_verpackung\" width=\"151\" height=\"98\" srcset=\"https:\/\/brickrknowledge.com\/content\/uploads\/2017\/02\/advanced_set_verpackung-300x195.jpg 300w, https:\/\/brickrknowledge.com\/content\/uploads\/2017\/02\/advanced_set_verpackung-768x500.jpg 768w, https:\/\/brickrknowledge.com\/content\/uploads\/2017\/02\/advanced_set_verpackung-1024x667.jpg 1024w, https:\/\/brickrknowledge.com\/content\/uploads\/2017\/02\/advanced_set_verpackung-600x391.jpg 600w, https:\/\/brickrknowledge.com\/content\/uploads\/2017\/02\/advanced_set_verpackung-491x320.jpg 491w, https:\/\/brickrknowledge.com\/content\/uploads\/2017\/02\/advanced_set_verpackung-470x306.jpg 470w, https:\/\/brickrknowledge.com\/content\/uploads\/2017\/02\/advanced_set_verpackung.jpg 1084w\" sizes=\"(max-width: 151px) 100vw, 151px\" \/><\/a><\/td>\n<td style=\"text-align: justify;\" width=\"313\">El Set Advanced se compone de 111 piezas y permite la realizaci\u00f3n de soluciones avanzadas. El innovador sistema Brick\u2019R\u2019knowledge permite la introducci\u00f3n l\u00fadica a la electrot\u00e9cnica, a sus componentes, variables y funciones m\u00e1s importantes. El sistema tambi\u00e9n ayuda a recopilar conocimiento sobre la electr\u00f3nica y de transmitirlo con un efecto de aprendizaje a la siguiente generaci\u00f3n. Los Bricks se puede conectar de manera muy sencilla para obtener soluciones individuales y as\u00ed hacer que temas complejos de electr\u00f3nica se puedan aprender de manera sencilla. El sistema abierto permite a\u00f1adir componentes e incluir propios Brick para nuevos experimentos. El sistema tambi\u00e9n es apropiado para experimentos en alta frecuencia y debido a eso es \u00fanico en el mundo. En un futuro tambi\u00e9n se podr\u00e1n integrar al sistema Brick osciloscopios y generadores de se\u00f1ales, para que as\u00ed cumpla requisitos industriales.<\/td>\n<\/tr>\n<tr>\n<td><a href=\"https:\/\/brickrknowledge.com\/sets\/engineering\/arduino-coding-set\/\">Set Arduino Coding<\/a><a href=\"https:\/\/www.brickrknowledge.de\/content\/uploads\/2017\/02\/arduino_coding_set_verpackung.jpg\"><img loading=\"lazy\" decoding=\"async\" class=\"alignnone wp-image-14323\" src=\"https:\/\/www.brickrknowledge.de\/content\/uploads\/2017\/02\/arduino_coding_set_verpackung-300x183.jpg\" alt=\"arduino_coding_set_verpackung\" width=\"151\" height=\"92\" srcset=\"https:\/\/brickrknowledge.com\/content\/uploads\/2017\/02\/arduino_coding_set_verpackung-300x183.jpg 300w, https:\/\/brickrknowledge.com\/content\/uploads\/2017\/02\/arduino_coding_set_verpackung-768x468.jpg 768w, https:\/\/brickrknowledge.com\/content\/uploads\/2017\/02\/arduino_coding_set_verpackung-1024x624.jpg 1024w, https:\/\/brickrknowledge.com\/content\/uploads\/2017\/02\/arduino_coding_set_verpackung-600x365.jpg 600w, https:\/\/brickrknowledge.com\/content\/uploads\/2017\/02\/arduino_coding_set_verpackung-825x510.jpg 825w, https:\/\/brickrknowledge.com\/content\/uploads\/2017\/02\/arduino_coding_set_verpackung-525x320.jpg 525w, https:\/\/brickrknowledge.com\/content\/uploads\/2017\/02\/arduino_coding_set_verpackung-470x286.jpg 470w, https:\/\/brickrknowledge.com\/content\/uploads\/2017\/02\/arduino_coding_set_verpackung.jpg 1215w\" sizes=\"(max-width: 151px) 100vw, 151px\" \/><\/a><\/td>\n<td style=\"text-align: justify;\" width=\"313\">El Set Arduino permite una interacci\u00f3n y les ofrece una funcionalidad completamente nueva a los Bricks. Con el Nano Brick de Arduino se pueden realizar y programar circuitos complejos de manera r\u00e1pida y sencilla. Aparte de los Bricks LED el Set tambi\u00e9n incluye diferentes tipos de displays lo que permite un gran flexibilidad a la hora de desarrollar propias soluciones.<\/td>\n<\/tr>\n<tr>\n<td><a href=\"https:\/\/brickrknowledge.com\/sets\/engineering\/logic-set\/\">Set L\u00f3gico <\/a><a href=\"https:\/\/www.brickrknowledge.de\/content\/uploads\/2016\/11\/135006_2.jpg\"><img loading=\"lazy\" decoding=\"async\" class=\"alignnone wp-image-14210\" src=\"https:\/\/www.brickrknowledge.de\/content\/uploads\/2016\/11\/135006_2-300x219.jpg\" alt=\"135006_2\" width=\"151\" height=\"110\" srcset=\"https:\/\/brickrknowledge.com\/content\/uploads\/2016\/11\/135006_2-300x219.jpg 300w, https:\/\/brickrknowledge.com\/content\/uploads\/2016\/11\/135006_2-768x561.jpg 768w, https:\/\/brickrknowledge.com\/content\/uploads\/2016\/11\/135006_2-1024x748.jpg 1024w, https:\/\/brickrknowledge.com\/content\/uploads\/2016\/11\/135006_2-600x438.jpg 600w, https:\/\/brickrknowledge.com\/content\/uploads\/2016\/11\/135006_2-438x320.jpg 438w, https:\/\/brickrknowledge.com\/content\/uploads\/2016\/11\/135006_2-452x330.jpg 452w, https:\/\/brickrknowledge.com\/content\/uploads\/2016\/11\/135006_2.jpg 1158w\" sizes=\"(max-width: 151px) 100vw, 151px\" \/><\/a><\/td>\n<td style=\"text-align: justify;\" width=\"313\">Este Set es ideal para transmitir los conceptos b\u00e1sicos de la l\u00f3gica. Esto sucede en primer lugar por el manual detallado y did\u00e1ctico y por\u00a0otra parte\u00a0por la experimentaci\u00f3n\u00a0y\u00a0interconexi\u00f3n de los propios\u00a0Bricks.\u00a0A parte de los Bricks AND, NOR, NAND, NOR, XOR, XNOR\u00a0y el Brick inversor, as\u00ed com diversas l\u00edneas, interruptores y LEDs, tambi\u00e9n tiene a su disposici\u00f3n D-Flipflops, contadores BCD y un temporizador 555..<\/td>\n<\/tr>\n<tr>\n<td><a href=\"https:\/\/brickrknowledge.com\/sets\/experiments\/internet-of-things-set\/\">Set Internet of Things<\/a><a href=\"https:\/\/www.brickrknowledge.de\/content\/uploads\/2017\/01\/138090.jpg\"><img loading=\"lazy\" decoding=\"async\" class=\"alignnone wp-image-14006\" src=\"https:\/\/www.brickrknowledge.de\/content\/uploads\/2017\/01\/138090-300x191.jpg\" alt=\"138090\" width=\"151\" height=\"96\" srcset=\"https:\/\/brickrknowledge.com\/content\/uploads\/2017\/01\/138090-300x191.jpg 300w, https:\/\/brickrknowledge.com\/content\/uploads\/2017\/01\/138090-768x488.jpg 768w, https:\/\/brickrknowledge.com\/content\/uploads\/2017\/01\/138090-1024x651.jpg 1024w, https:\/\/brickrknowledge.com\/content\/uploads\/2017\/01\/138090-600x382.jpg 600w, https:\/\/brickrknowledge.com\/content\/uploads\/2017\/01\/138090-503x320.jpg 503w, https:\/\/brickrknowledge.com\/content\/uploads\/2017\/01\/138090-470x299.jpg 470w, https:\/\/brickrknowledge.com\/content\/uploads\/2017\/01\/138090.jpg 1143w\" sizes=\"(max-width: 151px) 100vw, 151px\" \/><\/a><\/td>\n<td style=\"text-align: justify;\" width=\"313\">Con el set Internet of Things Set es posible controlar los Bricks v\u00eda Internet. Con los Brick IoT incluidos puedes por ejemplo crear tu primera p\u00e1gina web propia y controlar los pines I\/O con tu Smartphone. Adem\u00e1s el set incluye sensores de temperatura y humedad, de los cuales podr\u00e1s visuaizar los valores en una pantalla. El primer paso hac\u00eda la dom\u00f3tica.Tambi\u00e9n se pueden consultar y mostrar por ejemplo el curso del dolar desde Internet. Para poder controlar el display de 7 segmentos, se utiliza el bus I\u00b2C, el cual conoceremos en breve. El Internet de cosas esta esperando ser descubierto por ti.<\/td>\n<\/tr>\n<tr>\n<td><a href=\"https:\/\/brickrknowledge.com\/sets\/diy\/diy-set\/\">Set DIY<\/a><a href=\"https:\/\/www.brickrknowledge.de\/content\/uploads\/2017\/02\/diy_set_verpackung.jpg\"><img loading=\"lazy\" decoding=\"async\" class=\"alignnone wp-image-14292\" src=\"https:\/\/www.brickrknowledge.de\/content\/uploads\/2017\/02\/diy_set_verpackung-300x172.jpg\" alt=\"diy_set_verpackung\" width=\"150\" height=\"86\" srcset=\"https:\/\/brickrknowledge.com\/content\/uploads\/2017\/02\/diy_set_verpackung-300x172.jpg 300w, https:\/\/brickrknowledge.com\/content\/uploads\/2017\/02\/diy_set_verpackung-768x441.jpg 768w, https:\/\/brickrknowledge.com\/content\/uploads\/2017\/02\/diy_set_verpackung-1024x588.jpg 1024w, https:\/\/brickrknowledge.com\/content\/uploads\/2017\/02\/diy_set_verpackung-600x345.jpg 600w, https:\/\/brickrknowledge.com\/content\/uploads\/2017\/02\/diy_set_verpackung-557x320.jpg 557w, https:\/\/brickrknowledge.com\/content\/uploads\/2017\/02\/diy_set_verpackung-470x270.jpg 470w, https:\/\/brickrknowledge.com\/content\/uploads\/2017\/02\/diy_set_verpackung.jpg 1146w\" sizes=\"(max-width: 150px) 100vw, 150px\" \/><\/a><\/td>\n<td style=\"text-align: justify;\" width=\"313\">DIY es lo nuestro. Aqu\u00ed puedes desarrollar tu propio mundo Brick. Este Set contiene 25 placas vac\u00edas, 25 recipientes PVC, diferentes resistencias, repuestos de conexi\u00f3n, condensadores, transistores, diodos y LEDs. Adem\u00e1s incluye una bobina de esta\u00f1o y otra vac\u00eda para ayudarte en tus propias creaciones.<\/td>\n<\/tr>\n<tr>\n<td>Set LED Programable<\/td>\n<td style=\"text-align: justify;\"><\/td>\n<\/tr>\n<tr>\n<td><a href=\"https:\/\/brickrknowledge.com\/sets\/extensions\/measurement-set-one\/\">Set de Medici\u00f3n Uno &amp; Dos<\/a><a href=\"https:\/\/www.brickrknowledge.de\/content\/uploads\/2016\/11\/measurement_set_one.jpg\"><img loading=\"lazy\" decoding=\"async\" class=\"alignnone wp-image-12967\" src=\"https:\/\/www.brickrknowledge.de\/content\/uploads\/2016\/11\/measurement_set_one-300x137.jpg\" alt=\"measurement_set_one\" width=\"151\" height=\"69\" srcset=\"https:\/\/brickrknowledge.com\/content\/uploads\/2016\/11\/measurement_set_one-300x137.jpg 300w, https:\/\/brickrknowledge.com\/content\/uploads\/2016\/11\/measurement_set_one-768x352.jpg 768w, https:\/\/brickrknowledge.com\/content\/uploads\/2016\/11\/measurement_set_one-1024x469.jpg 1024w, https:\/\/brickrknowledge.com\/content\/uploads\/2016\/11\/measurement_set_one-600x275.jpg 600w, https:\/\/brickrknowledge.com\/content\/uploads\/2016\/11\/measurement_set_one-670x307.jpg 670w, https:\/\/brickrknowledge.com\/content\/uploads\/2016\/11\/measurement_set_one-470x215.jpg 470w, https:\/\/brickrknowledge.com\/content\/uploads\/2016\/11\/measurement_set_one.jpg 1962w\" sizes=\"(max-width: 151px) 100vw, 151px\" \/><\/a><\/td>\n<td style=\"text-align: justify;\" width=\"313\">Los Sets de Medici\u00f3n permite con medidores est\u00e1ndar detectar en circuitos Brick\u2019R\u2019knowledge la tensi\u00f3n, el amperaje u otras medidas posibles.<\/td>\n<\/tr>\n<\/tbody>\n<\/table>\n<p>&nbsp;<\/p>\n","protected":false},"excerpt":{"rendered":"<p>Temas Brick\u2019R\u2019knowledge para\u00a0universidades Los Sets de Brick\u2019R\u2019knowledge tambi\u00e9n se utilizan en las universidades. As\u00ed por ejemplo el Advanced Set y el Set L\u00f3gico se utilizan en la universidad en las \u00e1reas de ingenier\u00eda electr\u00f3nica e inform\u00e1tica, para mostrarles a los estudiantes el conocimiento de manera gr\u00e1fica. Sets recomendados Set Solar El Set Solar de Brick\u2019R\u2019knowledge [&hellip;]<\/p>\n","protected":false},"author":2,"featured_media":0,"parent":15219,"menu_order":0,"comment_status":"closed","ping_status":"closed","template":"","meta":{"footnotes":""},"categories":[],"tags":[],"class_list":["post-15213","page","type-page","status-publish","hentry"],"yoast_head":"<!-- This site is optimized with the Yoast SEO plugin v23.3 - https:\/\/yoast.com\/wordpress\/plugins\/seo\/ -->\n<title>Universidad - Brick&#039;R&#039;knowledge<\/title>\n<meta name=\"robots\" content=\"index, follow, max-snippet:-1, max-image-preview:large, max-video-preview:-1\" \/>\n<link rel=\"canonical\" href=\"https:\/\/forum.brickrknowledge.com\/es\/educacion\/universidad\/\" \/>\n<meta property=\"og:locale\" content=\"es_ES\" \/>\n<meta property=\"og:type\" content=\"article\" \/>\n<meta property=\"og:title\" content=\"Universidad - Brick&#039;R&#039;knowledge\" \/>\n<meta property=\"og:description\" content=\"Temas Brick\u2019R\u2019knowledge para\u00a0universidades Los Sets de Brick\u2019R\u2019knowledge tambi\u00e9n se utilizan en las universidades. As\u00ed por ejemplo el Advanced Set y el Set L\u00f3gico se utilizan en la universidad en las \u00e1reas de ingenier\u00eda electr\u00f3nica e inform\u00e1tica, para mostrarles a los estudiantes el conocimiento de manera gr\u00e1fica. Sets recomendados Set Solar El Set Solar de Brick\u2019R\u2019knowledge [&hellip;]\" \/>\n<meta property=\"og:url\" content=\"https:\/\/forum.brickrknowledge.com\/es\/educacion\/universidad\/\" \/>\n<meta property=\"og:site_name\" content=\"Brick&#039;R&#039;knowledge\" \/>\n<meta property=\"article:publisher\" content=\"https:\/\/www.facebook.com\/BrickRknowledge\" \/>\n<meta property=\"article:modified_time\" content=\"2017-07-27T11:59:34+00:00\" \/>\n<meta property=\"og:image\" content=\"https:\/\/www.brickrknowledge.de\/content\/uploads\/2017\/02\/Banner_Universitaet-1024x281.jpg\" \/>\n<meta name=\"twitter:card\" content=\"summary_large_image\" \/>\n<meta name=\"twitter:site\" content=\"@brickrknowledge\" \/>\n<meta name=\"twitter:label1\" content=\"Est. reading time\" \/>\n\t<meta name=\"twitter:data1\" content=\"3 minutes\" \/>\n<script type=\"application\/ld+json\" class=\"yoast-schema-graph\">{\"@context\":\"https:\/\/schema.org\",\"@graph\":[{\"@type\":\"WebPage\",\"@id\":\"https:\/\/forum.brickrknowledge.com\/es\/educacion\/universidad\/\",\"url\":\"https:\/\/forum.brickrknowledge.com\/es\/educacion\/universidad\/\",\"name\":\"Universidad - Brick&#039;R&#039;knowledge\",\"isPartOf\":{\"@id\":\"https:\/\/brickrknowledge.de\/zh-hans\/#website\"},\"primaryImageOfPage\":{\"@id\":\"https:\/\/forum.brickrknowledge.com\/es\/educacion\/universidad\/#primaryimage\"},\"image\":{\"@id\":\"https:\/\/forum.brickrknowledge.com\/es\/educacion\/universidad\/#primaryimage\"},\"thumbnailUrl\":\"https:\/\/www.brickrknowledge.de\/content\/uploads\/2017\/02\/Banner_Universitaet-1024x281.jpg\",\"datePublished\":\"2017-05-10T16:35:29+00:00\",\"dateModified\":\"2017-07-27T11:59:34+00:00\",\"breadcrumb\":{\"@id\":\"https:\/\/forum.brickrknowledge.com\/es\/educacion\/universidad\/#breadcrumb\"},\"inLanguage\":\"es-ES\",\"potentialAction\":[{\"@type\":\"ReadAction\",\"target\":[\"https:\/\/forum.brickrknowledge.com\/es\/educacion\/universidad\/\"]}]},{\"@type\":\"ImageObject\",\"inLanguage\":\"es-ES\",\"@id\":\"https:\/\/forum.brickrknowledge.com\/es\/educacion\/universidad\/#primaryimage\",\"url\":\"https:\/\/www.brickrknowledge.de\/content\/uploads\/2017\/02\/Banner_Universitaet-1024x281.jpg\",\"contentUrl\":\"https:\/\/www.brickrknowledge.de\/content\/uploads\/2017\/02\/Banner_Universitaet-1024x281.jpg\"},{\"@type\":\"BreadcrumbList\",\"@id\":\"https:\/\/forum.brickrknowledge.com\/es\/educacion\/universidad\/#breadcrumb\",\"itemListElement\":[{\"@type\":\"ListItem\",\"position\":1,\"name\":\"Home\",\"item\":\"https:\/\/forum.brickrknowledge.eu\/es\/\"},{\"@type\":\"ListItem\",\"position\":2,\"name\":\"Educaci\u00f3n\",\"item\":\"https:\/\/forum.brickrknowledge.com\/es\/educacion\/\"},{\"@type\":\"ListItem\",\"position\":3,\"name\":\"Universidad\"}]},{\"@type\":\"WebSite\",\"@id\":\"https:\/\/brickrknowledge.de\/zh-hans\/#website\",\"url\":\"https:\/\/brickrknowledge.de\/zh-hans\/\",\"name\":\"Brick&#039;R&#039;knowledge\",\"description\":\"\",\"potentialAction\":[{\"@type\":\"SearchAction\",\"target\":{\"@type\":\"EntryPoint\",\"urlTemplate\":\"https:\/\/brickrknowledge.de\/zh-hans\/?s={search_term_string}\"},\"query-input\":\"required name=search_term_string\"}],\"inLanguage\":\"es-ES\"}]}<\/script>\n<!-- \/ Yoast SEO plugin. -->","yoast_head_json":{"title":"Universidad - Brick&#039;R&#039;knowledge","robots":{"index":"index","follow":"follow","max-snippet":"max-snippet:-1","max-image-preview":"max-image-preview:large","max-video-preview":"max-video-preview:-1"},"canonical":"https:\/\/forum.brickrknowledge.com\/es\/educacion\/universidad\/","og_locale":"es_ES","og_type":"article","og_title":"Universidad - Brick&#039;R&#039;knowledge","og_description":"Temas Brick\u2019R\u2019knowledge para\u00a0universidades Los Sets de Brick\u2019R\u2019knowledge tambi\u00e9n se utilizan en las universidades. As\u00ed por ejemplo el Advanced Set y el Set L\u00f3gico se utilizan en la universidad en las \u00e1reas de ingenier\u00eda electr\u00f3nica e inform\u00e1tica, para mostrarles a los estudiantes el conocimiento de manera gr\u00e1fica. Sets recomendados Set Solar El Set Solar de Brick\u2019R\u2019knowledge [&hellip;]","og_url":"https:\/\/forum.brickrknowledge.com\/es\/educacion\/universidad\/","og_site_name":"Brick&#039;R&#039;knowledge","article_publisher":"https:\/\/www.facebook.com\/BrickRknowledge","article_modified_time":"2017-07-27T11:59:34+00:00","og_image":[{"url":"https:\/\/www.brickrknowledge.de\/content\/uploads\/2017\/02\/Banner_Universitaet-1024x281.jpg"}],"twitter_card":"summary_large_image","twitter_site":"@brickrknowledge","twitter_misc":{"Est. reading time":"3 minutes"},"schema":{"@context":"https:\/\/schema.org","@graph":[{"@type":"WebPage","@id":"https:\/\/forum.brickrknowledge.com\/es\/educacion\/universidad\/","url":"https:\/\/forum.brickrknowledge.com\/es\/educacion\/universidad\/","name":"Universidad - Brick&#039;R&#039;knowledge","isPartOf":{"@id":"https:\/\/brickrknowledge.de\/zh-hans\/#website"},"primaryImageOfPage":{"@id":"https:\/\/forum.brickrknowledge.com\/es\/educacion\/universidad\/#primaryimage"},"image":{"@id":"https:\/\/forum.brickrknowledge.com\/es\/educacion\/universidad\/#primaryimage"},"thumbnailUrl":"https:\/\/www.brickrknowledge.de\/content\/uploads\/2017\/02\/Banner_Universitaet-1024x281.jpg","datePublished":"2017-05-10T16:35:29+00:00","dateModified":"2017-07-27T11:59:34+00:00","breadcrumb":{"@id":"https:\/\/forum.brickrknowledge.com\/es\/educacion\/universidad\/#breadcrumb"},"inLanguage":"es-ES","potentialAction":[{"@type":"ReadAction","target":["https:\/\/forum.brickrknowledge.com\/es\/educacion\/universidad\/"]}]},{"@type":"ImageObject","inLanguage":"es-ES","@id":"https:\/\/forum.brickrknowledge.com\/es\/educacion\/universidad\/#primaryimage","url":"https:\/\/www.brickrknowledge.de\/content\/uploads\/2017\/02\/Banner_Universitaet-1024x281.jpg","contentUrl":"https:\/\/www.brickrknowledge.de\/content\/uploads\/2017\/02\/Banner_Universitaet-1024x281.jpg"},{"@type":"BreadcrumbList","@id":"https:\/\/forum.brickrknowledge.com\/es\/educacion\/universidad\/#breadcrumb","itemListElement":[{"@type":"ListItem","position":1,"name":"Home","item":"https:\/\/forum.brickrknowledge.eu\/es\/"},{"@type":"ListItem","position":2,"name":"Educaci\u00f3n","item":"https:\/\/forum.brickrknowledge.com\/es\/educacion\/"},{"@type":"ListItem","position":3,"name":"Universidad"}]},{"@type":"WebSite","@id":"https:\/\/brickrknowledge.de\/zh-hans\/#website","url":"https:\/\/brickrknowledge.de\/zh-hans\/","name":"Brick&#039;R&#039;knowledge","description":"","potentialAction":[{"@type":"SearchAction","target":{"@type":"EntryPoint","urlTemplate":"https:\/\/brickrknowledge.de\/zh-hans\/?s={search_term_string}"},"query-input":"required name=search_term_string"}],"inLanguage":"es-ES"}]}},"_links":{"self":[{"href":"https:\/\/brickrknowledge.com\/es\/wp-json\/wp\/v2\/pages\/15213"}],"collection":[{"href":"https:\/\/brickrknowledge.com\/es\/wp-json\/wp\/v2\/pages"}],"about":[{"href":"https:\/\/brickrknowledge.com\/es\/wp-json\/wp\/v2\/types\/page"}],"author":[{"embeddable":true,"href":"https:\/\/brickrknowledge.com\/es\/wp-json\/wp\/v2\/users\/2"}],"replies":[{"embeddable":true,"href":"https:\/\/brickrknowledge.com\/es\/wp-json\/wp\/v2\/comments?post=15213"}],"version-history":[{"count":0,"href":"https:\/\/brickrknowledge.com\/es\/wp-json\/wp\/v2\/pages\/15213\/revisions"}],"up":[{"embeddable":true,"href":"https:\/\/brickrknowledge.com\/es\/wp-json\/wp\/v2\/pages\/15219"}],"wp:attachment":[{"href":"https:\/\/brickrknowledge.com\/es\/wp-json\/wp\/v2\/media?parent=15213"}],"wp:term":[{"taxonomy":"category","embeddable":true,"href":"https:\/\/brickrknowledge.com\/es\/wp-json\/wp\/v2\/categories?post=15213"},{"taxonomy":"post_tag","embeddable":true,"href":"https:\/\/brickrknowledge.com\/es\/wp-json\/wp\/v2\/tags?post=15213"}],"curies":[{"name":"wp","href":"https:\/\/api.w.org\/{rel}","templated":true}]}}